{"id":6543,"date":"2026-01-27T17:43:33","date_gmt":"2026-01-27T17:43:33","guid":{"rendered":"https:\/\/etudiantscanadiens.org\/?page_id=6543"},"modified":"2026-03-18T15:55:47","modified_gmt":"2026-03-18T15:55:47","slug":"publications","status":"publish","type":"page","link":"https:\/\/etudiantscanadiens.org\/en\/publications\/","title":{"rendered":"Publications"},"content":{"rendered":"\n<div style=\"height:58px\" aria-hidden=\"true\" class=\"wp-block-spacer\"><\/div>\n\n\n\n<h1 class=\"has-text-align-center\">House Publications<\/h1>\n\n\n\n<div style=\"height:47px\" aria-hidden=\"true\" class=\"wp-block-spacer\"><\/div>\n\n\n\n<div class=\"mec__page-menu-wrapper\">\n    \n    <div class=\"container\">\n\n    <nav class=\"mec__page-menu--toggle\">\n        <a href=\"#\">\n        Go directly to:        <img src=\"https:\/\/etudiantscanadiens.org\/app\/themes\/mec_theme\/assets\/images\/page-menu-dropdown.svg \">\n        <\/a>\n    <\/nav>\n\n\n        <ul class=\"mec__page-menu\">\n                                    <li class=\"mec__page-menu-item\">\n                    <a href=\"#catalogues-eng\"> Exhibition Catalogues <\/a>\n                    <\/li>\n                                    <li class=\"mec__page-menu-item\">\n                    <a href=\"#youtube-eng\"> YouTube <\/a>\n                    <\/li>\n                                    <li class=\"mec__page-menu-item\">\n                    <a href=\"#on-parle-eng\"> In the Spotlight ! <\/a>\n                    <\/li>\n                            <\/ul>\n    <\/div>\n      \n<\/div>\n        \n\n\n\n\n\n<div style=\"height:19px\" aria-hidden=\"true\" class=\"wp-block-spacer\"><\/div>\n\n\n\n<hr class=\"wp-block-separator\"\/>\n\n\n\n<div style=\"height:19px\" aria-hidden=\"true\" class=\"wp-block-spacer\"><\/div>\n\n\n\n<div class=\"wp-block-image\"><figure class=\"aligncenter size-full is-resized\"><img src=\"https:\/\/etudiantscanadiens.org\/app\/uploads\/2026\/01\/publications-catalogues.png\" alt=\"\" class=\"wp-image-6619\" width=\"200\" height=\"200\" srcset=\"https:\/\/etudiantscanadiens.org\/app\/uploads\/2026\/01\/publications-catalogues.png 300w, https:\/\/etudiantscanadiens.org\/app\/uploads\/2026\/01\/publications-catalogues-150x150.png 150w\" sizes=\"(max-width: 200px) 100vw, 200px\" \/><\/figure><\/div>\n\n\n\n<h2 class=\"has-text-align-center has-primary-dark-color has-primary-light-background-color has-text-color has-background\" id=\"catalogues-eng\">Exhibition Catalogues<\/h2>\n\n\n\n<p class=\"has-text-align-center\">Our exhibition catalogues showcase the artistic initiatives and creativity thriving at the MEC. Browse these publications to see how we support and share the arts.<\/p>\n\n\n\n<div style=\"height:15px\" aria-hidden=\"true\" class=\"wp-block-spacer\"><\/div>\n\n\n\n<div class=\"wp-block-columns has-primary-beige-background-color has-background\">\n<div class=\"wp-block-column\">\n<h4>Trace de l&#8217;humanit\u00e9<\/h4>\n\n\n\n<p>January 2025<\/p>\n\n\n<p><iframe allowfullscreen=\"allowfullscreen\" scrolling=\"no\" class=\"fp-iframe\" style=\"border: 1px solid lightgray; width: 100%; height: 400px;\" src=\"https:\/\/heyzine.com\/flip-book\/f323bcbdda.html\"><\/iframe><\/p>\n<\/div>\n\n\n\n<div class=\"wp-block-column\">\n<h4>En for\u00eat avec Talbot et le Gray<\/h4>\n\n\n\n<p>April 2024<\/p>\n\n\n<p><iframe allowfullscreen=\"allowfullscreen\" scrolling=\"no\" class=\"fp-iframe\" style=\"border: 1px solid lightgray; width: 100%; height: 400px;\" src=\"https:\/\/heyzine.com\/flip-book\/612118e76b.html#page\/1\"><\/iframe><\/p>\n<\/div>\n\n\n\n<div class=\"wp-block-column\">\n<h4>F\u00e9minit\u00e9s : D\u00e9construction d&#8217;une d\u00e9finition multiple<\/h4>\n\n\n\n<p>March 2023<\/p>\n\n\n<p><iframe allowfullscreen=\"allowfullscreen\" scrolling=\"no\" class=\"fp-iframe\" style=\"border: 1px solid lightgray; width: 100%; height: 400px;\" src=\"https:\/\/heyzine.com\/flip-book\/bd347fdd4b.html\"><\/iframe><\/p>\n<\/div>\n<\/div>\n\n\n\n<div class=\"wp-block-columns has-primary-beige-background-color has-background\">\n<div class=\"wp-block-column\">\n<h4>De la rue \u00e0 la cimaise : L&#8217;art urbain dans l&#8217;oeil d&#8217;une collectionneuse<\/h4>\n\n\n\n<p>March 2022<\/p>\n\n\n<p><iframe allowfullscreen=\"allowfullscreen\" scrolling=\"no\" class=\"fp-iframe\" style=\"border: 1px solid lightgray; width: 100%; height: 400px;\" src=\"https:\/\/heyzine.com\/flip-book\/11ebba96be.html\"><\/iframe><\/p>\n<\/div>\n\n\n\n<div class=\"wp-block-column\">\n<h4>La MEC au temps du Corona<\/h4>\n\n\n\n<p><\/p>\n\n\n\n<p>September 2021<\/p>\n\n\n<p><iframe allowfullscreen=\"allowfullscreen\" scrolling=\"no\" class=\"fp-iframe\" style=\"border: 1px solid lightgray; width: 100%; height: 400px;\" src=\"https:\/\/heyzine.com\/flip-book\/3a772f0dae.html\"><\/iframe><\/p>\n<\/div>\n\n\n\n<div class=\"wp-block-column\"><\/div>\n<\/div>\n\n\n\n<div style=\"height:114px\" aria-hidden=\"true\" class=\"wp-block-spacer\"><\/div>\n\n\n\n<div class=\"wp-block-image\"><figure class=\"aligncenter size-full is-resized\"><img src=\"https:\/\/etudiantscanadiens.org\/app\/uploads\/2026\/01\/publications-youtube.png\" alt=\"\" class=\"wp-image-6617\" width=\"200\" height=\"200\" srcset=\"https:\/\/etudiantscanadiens.org\/app\/uploads\/2026\/01\/publications-youtube.png 300w, https:\/\/etudiantscanadiens.org\/app\/uploads\/2026\/01\/publications-youtube-150x150.png 150w\" sizes=\"(max-width: 200px) 100vw, 200px\" \/><\/figure><\/div>\n\n\n\n<h2 class=\"has-text-align-center has-primary-light-background-color has-background\" id=\"youtube-eng\">YouTube<\/h2>\n\n\n\n<p class=\"has-text-align-center\">Explore life at the MEC through our videos. From behind-the-scenes glimpses to community stories, discover what makes our space unique.<\/p>\n\n\n\n<div style=\"height:22px\" aria-hidden=\"true\" class=\"wp-block-spacer\"><\/div>\n\n\n\n<div class=\"wp-block-columns has-primary-beige-background-color has-background\">\n<div class=\"wp-block-column\">\n<h4>MEET OUR RESIDENTS [FR]<\/h4>\n\n\n\n<figure class=\"wp-block-image size-full\"><a href=\"https:\/\/youtu.be\/EaCLBGBodcM?si=eQfzPTZzcTRUf9VX\"><img width=\"377\" height=\"212\" src=\"https:\/\/etudiantscanadiens.org\/app\/uploads\/2026\/01\/capture-decran-le-2026-01-27-a-13.22.20.png\" alt=\"\" class=\"wp-image-6634\" srcset=\"https:\/\/etudiantscanadiens.org\/app\/uploads\/2026\/01\/capture-decran-le-2026-01-27-a-13.22.20.png 377w, https:\/\/etudiantscanadiens.org\/app\/uploads\/2026\/01\/capture-decran-le-2026-01-27-a-13.22.20-300x169.png 300w\" sizes=\"(max-width: 377px) 100vw, 377px\" \/><\/a><\/figure>\n<\/div>\n\n\n\n<div class=\"wp-block-column\">\n<h4><strong>PRESIDENT\u2019S SPEECH 2024\u20132025: POLINA PETROVA TSVETKOVA<\/strong> [FR]<\/h4>\n\n\n\n<figure class=\"wp-block-image size-full\"><a href=\"https:\/\/youtu.be\/gEo-k8VITm0?si=RlzxNaeTKqHdSblN\"><img width=\"381\" height=\"214\" src=\"https:\/\/etudiantscanadiens.org\/app\/uploads\/2026\/01\/capture-decran-le-2026-01-27-a-13.22.35.png\" alt=\"\" class=\"wp-image-6636\" srcset=\"https:\/\/etudiantscanadiens.org\/app\/uploads\/2026\/01\/capture-decran-le-2026-01-27-a-13.22.35.png 381w, https:\/\/etudiantscanadiens.org\/app\/uploads\/2026\/01\/capture-decran-le-2026-01-27-a-13.22.35-300x169.png 300w\" sizes=\"(max-width: 381px) 100vw, 381px\" \/><\/a><\/figure>\n<\/div>\n\n\n\n<div class=\"wp-block-column\">\n<h4><strong>FRANCE MAINVILLE: 5 YEARS LEADING THE MEC<\/strong> [FR]<\/h4>\n\n\n\n<figure class=\"wp-block-image size-full\"><a href=\"https:\/\/youtu.be\/gTjkxomJWOU?si=zD929HF5Q2gWrKZT\"><img width=\"379\" height=\"212\" src=\"https:\/\/etudiantscanadiens.org\/app\/uploads\/2026\/01\/capture-decran-le-2026-01-27-a-13.22.45.png\" alt=\"\" class=\"wp-image-6638\" srcset=\"https:\/\/etudiantscanadiens.org\/app\/uploads\/2026\/01\/capture-decran-le-2026-01-27-a-13.22.45.png 379w, https:\/\/etudiantscanadiens.org\/app\/uploads\/2026\/01\/capture-decran-le-2026-01-27-a-13.22.45-300x168.png 300w\" sizes=\"(max-width: 379px) 100vw, 379px\" \/><\/a><\/figure>\n<\/div>\n<\/div>\n\n\n\n<div style=\"height:45px\" aria-hidden=\"true\" class=\"wp-block-spacer\"><\/div>\n\n\n\n<div class=\"wp-block-buttons is-content-justification-center\">\n<div class=\"wp-block-button has-custom-font-size is-style-fill has-inter-18-bold-font-size\"><a class=\"wp-block-button__link has-primary-light-color has-primary-rouge-background-color has-text-color has-background\" href=\"https:\/\/youtube.com\/@maisondesetudiantscanadien3319?si=oEF3osZaZrds_pdV\">Visit Our Channel<\/a><\/div>\n<\/div>\n\n\n\n<div style=\"height:101px\" aria-hidden=\"true\" class=\"wp-block-spacer\"><\/div>\n\n\n\n<div class=\"wp-block-columns\">\n<div class=\"wp-block-column\"><\/div>\n\n\n\n<div class=\"wp-block-column\">\n<div class=\"wp-block-image\"><figure class=\"aligncenter size-full is-resized\"><img src=\"https:\/\/etudiantscanadiens.org\/app\/uploads\/2026\/01\/1-1.png\" alt=\"\" class=\"wp-image-6603\" width=\"200\" height=\"200\" srcset=\"https:\/\/etudiantscanadiens.org\/app\/uploads\/2026\/01\/1-1.png 300w, https:\/\/etudiantscanadiens.org\/app\/uploads\/2026\/01\/1-1-150x150.png 150w\" sizes=\"(max-width: 200px) 100vw, 200px\" \/><\/figure><\/div>\n\n\n\n<h2 class=\"has-text-align-center\" id=\"on-parle-eng\">In the Spotlight !<\/h2>\n<\/div>\n\n\n\n<div class=\"wp-block-column\"><\/div>\n<\/div>\n\n\n\n<p class=\"has-text-align-center\">As we continue to grow and contribute to the French and Canadian cultural landscape, various media outlets have shared stories about life at the MEC. Discover what it\u2019s really like to live within our community through the following articles.<\/p>\n\n\n\n<div style=\"height:42px\" aria-hidden=\"true\" class=\"wp-block-spacer\"><\/div>\n\n\n\n<div class=\"wp-block-columns has-primary-beige-background-color has-background\">\n<div class=\"wp-block-column\">\n<h4>Journal de Montr\u00e9al<\/h4>\n\n\n\n<p class=\"has-primary-dark-color has-text-color has-inter-18-bold-font-size\"><a href=\"https:\/\/www.journaldemontreal.com\/2026\/02\/21\/la-maison-des-etudiants-canadiens-a-paris-a-100-ans\">\u00ab The Maison des \u00e9tudiants canadiens Turns 100 \u00bb<\/a> [FR]<\/p>\n<\/div>\n\n\n\n<div class=\"wp-block-column\">\n<h4>Le Devoir<\/h4>\n\n\n\n<p class=\"has-primary-dark-color has-text-color has-inter-18-bold-font-size\"><a href=\"https:\/\/www.ledevoir.com\/culture\/952359\/maison-etudiants-canadiens-paris-celebre-centenaire\">\u00ab The Maison des \u00e9tudiants canadiens Celebrates its Centenary \u00bb<\/a> [FR]<\/p>\n<\/div>\n\n\n\n<div class=\"wp-block-column\">\n<h4>Toronto Star<\/h4>\n\n\n\n<p class=\"has-primary-dark-color has-primary-beige-background-color has-text-color has-background has-inter-18-bold-font-size\"><a href=\"https:\/\/www.thestar.com\/news\/world\/europe\/from-trudeau-pranks-to-tim-hortons-cravings-a-paris-institution-marks-100-years-of-home\/article_a2297f98-1cba-492f-8821-5bb80761ffa6.html\">\u00ab From Trudeau pranks to Tim Hortons cravings: A Paris institution marks 100 years home away from home for Canadian students \u00bb<\/a><\/p>\n<\/div>\n\n\n\n<div class=\"wp-block-column\">\n<h4>L&#8217;\u00c9tudiant<\/h4>\n\n\n\n<p class=\"has-primary-dark-color has-primary-beige-background-color has-text-color has-background has-inter-18-bold-font-size\"><a href=\"https:\/\/www.letudiant.fr\/lifestyle\/logement_2\/la-cite-internationale-universitaire-de-paris-un-campus-ouvert-sur-le-monde.html\">\u00ab The Cit\u00e9 Internationale Universitaire de Paris, a Campus Open to the World: Heading to the Maison des \u00c9tudiants Canadiens with Charlotte Larouche \u00bb<\/a> [FR]<\/p>\n<\/div>\n\n\n\n<div class=\"wp-block-column\">\n<h4>TV5MONDE Info<\/h4>\n\n\n\n<p class=\"has-primary-dark-color has-primary-beige-background-color has-text-color has-background has-inter-18-bold-font-size\"><a href=\"https:\/\/youtu.be\/7f_ZDbHTrTs?si=BWw2AqwBnIrf9G67\">\u00ab The Cit\u00e9 Internationale Universitaire Turns 100: Festival of the Nights of Poetry (4th Edition) \u00bb<\/a> [FR]<\/p>\n<\/div>\n<\/div>\n\n\n\n<div class=\"wp-block-columns has-primary-beige-background-color has-background\">\n<div class=\"wp-block-column\">\n<h4>98.5 fm<\/h4>\n\n\n\n<p><\/p>\n\n\n\n<p class=\"has-primary-dark-color has-text-color has-inter-18-bold-font-size\"><a href=\"https:\/\/www.985fm.ca\/audio\/639258\/c-est-un-secret-bien-garde-de-paris-fadwa-lapierre\">\u00ab La Maison des \u00e9tudiants canadiens : C&#8217;est un<\/a><a href=\"https:\/\/www.journaldemontreal.com\/2026\/02\/21\/la-maison-des-etudiants-canadiens-a-paris-a-100-ans\"> secret bien gard\u00e9 de Paris \u00bb<\/a> [FR]<\/p>\n<\/div>\n\n\n\n<div class=\"wp-block-column\">\n<h4>Actualit\u00e9s UQ\u00c0M<\/h4>\n\n\n\n<p><\/p>\n\n\n\n<p class=\"has-primary-dark-color has-text-color has-inter-18-bold-font-size\"><a href=\"https:\/\/www.985fm.ca\/audio\/639258\/c-est-un-secret-bien-garde-de-paris-fadwa-lapierre\">\u00ab <\/a><a href=\"https:\/\/actualites.uqam.ca\/2016\/la-maison-des-etudiants-canadiens-a-paris-celebre-son-90e-anniversaire\/\"> Sous le ciel de Paris \u00bb<\/a> [FR]<\/p>\n<\/div>\n\n\n\n<div class=\"wp-block-column\"><\/div>\n\n\n\n<div class=\"wp-block-column\"><\/div>\n\n\n\n<div class=\"wp-block-column\"><\/div>\n<\/div>\n\n\n\n<div style=\"height:100px\" aria-hidden=\"true\" class=\"wp-block-spacer\"><\/div>\n","protected":false},"excerpt":{"rendered":"<p>House Publications Exhibition Catalogues Our exhibition catalogues showcase the artistic initiatives and creativity thriving at the MEC. Browse these publications to see how we support and share the arts. Trace de l&#8217;humanit\u00e9 January 2025 En for\u00eat avec Talbot et le Gray April 2024 F\u00e9minit\u00e9s : D\u00e9construction d&#8217;une d\u00e9finition multiple March 2023 De la rue \u00e0 [&hellip;]<\/p>\n","protected":false},"author":3,"featured_media":0,"parent":0,"menu_order":0,"comment_status":"closed","ping_status":"closed","template":"","meta":[],"yoast_head":"<!-- This site is optimized with the Yoast SEO plugin v17.1 - https:\/\/yoast.com\/wordpress\/plugins\/seo\/ -->\n<title>Publications - MEC<\/title>\n<meta name=\"robots\" content=\"index, follow, max-snippet:-1, max-image-preview:large, max-video-preview:-1\" \/>\n<link rel=\"canonical\" href=\"https:\/\/etudiantscanadiens.org\/en\/publications\/\" \/>\n<meta property=\"og:locale\" content=\"en_US\" \/>\n<meta property=\"og:type\" content=\"article\" \/>\n<meta property=\"og:title\" content=\"Publications - MEC\" \/>\n<meta property=\"og:description\" content=\"House Publications Exhibition Catalogues Our exhibition catalogues showcase the artistic initiatives and creativity thriving at the MEC. Browse these publications to see how we support and share the arts. Trace de l&#8217;humanit\u00e9 January 2025 En for\u00eat avec Talbot et le Gray April 2024 F\u00e9minit\u00e9s : D\u00e9construction d&#8217;une d\u00e9finition multiple March 2023 De la rue \u00e0 [&hellip;]\" \/>\n<meta property=\"og:url\" content=\"https:\/\/etudiantscanadiens.org\/en\/publications\/\" \/>\n<meta property=\"og:site_name\" content=\"MEC\" \/>\n<meta property=\"article:modified_time\" content=\"2026-03-18T15:55:47+00:00\" \/>\n<meta property=\"og:image\" content=\"https:\/\/etudiantscanadiens.org\/app\/uploads\/2026\/01\/publications-catalogues.png\" \/>\n<meta name=\"twitter:card\" content=\"summary_large_image\" \/>\n<meta name=\"twitter:label1\" content=\"Est. reading time\" \/>\n\t<meta name=\"twitter:data1\" content=\"3 minutes\" \/>\n<script type=\"application\/ld+json\" class=\"yoast-schema-graph\">{\"@context\":\"https:\/\/schema.org\",\"@graph\":[{\"@type\":\"WebSite\",\"@id\":\"https:\/\/etudiantscanadiens.org\/#website\",\"url\":\"https:\/\/etudiantscanadiens.org\/\",\"name\":\"Webit Starter\",\"description\":\"Maison des \\u00e9tudiants Canadiens\",\"potentialAction\":[{\"@type\":\"SearchAction\",\"target\":{\"@type\":\"EntryPoint\",\"urlTemplate\":\"https:\/\/etudiantscanadiens.org\/?s={search_term_string}\"},\"query-input\":\"required name=search_term_string\"}],\"inLanguage\":\"en-US\"},{\"@type\":\"ImageObject\",\"@id\":\"https:\/\/etudiantscanadiens.org\/en\/publications\/#primaryimage\",\"inLanguage\":\"en-US\",\"url\":\"https:\/\/etudiantscanadiens.org\/app\/uploads\/2026\/01\/publications-catalogues.png\",\"contentUrl\":\"https:\/\/etudiantscanadiens.org\/app\/uploads\/2026\/01\/publications-catalogues.png\"},{\"@type\":\"WebPage\",\"@id\":\"https:\/\/etudiantscanadiens.org\/en\/publications\/#webpage\",\"url\":\"https:\/\/etudiantscanadiens.org\/en\/publications\/\",\"name\":\"Publications - MEC\",\"isPartOf\":{\"@id\":\"https:\/\/etudiantscanadiens.org\/#website\"},\"primaryImageOfPage\":{\"@id\":\"https:\/\/etudiantscanadiens.org\/en\/publications\/#primaryimage\"},\"datePublished\":\"2026-01-27T17:43:33+00:00\",\"dateModified\":\"2026-03-18T15:55:47+00:00\",\"breadcrumb\":{\"@id\":\"https:\/\/etudiantscanadiens.org\/en\/publications\/#breadcrumb\"},\"inLanguage\":\"en-US\",\"potentialAction\":[{\"@type\":\"ReadAction\",\"target\":[\"https:\/\/etudiantscanadiens.org\/en\/publications\/\"]}]},{\"@type\":\"BreadcrumbList\",\"@id\":\"https:\/\/etudiantscanadiens.org\/en\/publications\/#breadcrumb\",\"itemListElement\":[{\"@type\":\"ListItem\",\"position\":1,\"name\":\"Accueil\",\"item\":\"https:\/\/etudiantscanadiens.org\/en\/\"},{\"@type\":\"ListItem\",\"position\":2,\"name\":\"Publications\"}]}]}<\/script>\n<!-- \/ Yoast SEO plugin. -->","yoast_head_json":{"title":"Publications - MEC","robots":{"index":"index","follow":"follow","max-snippet":"max-snippet:-1","max-image-preview":"max-image-preview:large","max-video-preview":"max-video-preview:-1"},"canonical":"https:\/\/etudiantscanadiens.org\/en\/publications\/","og_locale":"en_US","og_type":"article","og_title":"Publications - MEC","og_description":"House Publications Exhibition Catalogues Our exhibition catalogues showcase the artistic initiatives and creativity thriving at the MEC. Browse these publications to see how we support and share the arts. Trace de l&#8217;humanit\u00e9 January 2025 En for\u00eat avec Talbot et le Gray April 2024 F\u00e9minit\u00e9s : D\u00e9construction d&#8217;une d\u00e9finition multiple March 2023 De la rue \u00e0 [&hellip;]","og_url":"https:\/\/etudiantscanadiens.org\/en\/publications\/","og_site_name":"MEC","article_modified_time":"2026-03-18T15:55:47+00:00","og_image":[{"url":"https:\/\/etudiantscanadiens.org\/app\/uploads\/2026\/01\/publications-catalogues.png"}],"twitter_card":"summary_large_image","twitter_misc":{"Est. reading time":"3 minutes"},"schema":{"@context":"https:\/\/schema.org","@graph":[{"@type":"WebSite","@id":"https:\/\/etudiantscanadiens.org\/#website","url":"https:\/\/etudiantscanadiens.org\/","name":"Webit Starter","description":"Maison des \u00e9tudiants Canadiens","potentialAction":[{"@type":"SearchAction","target":{"@type":"EntryPoint","urlTemplate":"https:\/\/etudiantscanadiens.org\/?s={search_term_string}"},"query-input":"required name=search_term_string"}],"inLanguage":"en-US"},{"@type":"ImageObject","@id":"https:\/\/etudiantscanadiens.org\/en\/publications\/#primaryimage","inLanguage":"en-US","url":"https:\/\/etudiantscanadiens.org\/app\/uploads\/2026\/01\/publications-catalogues.png","contentUrl":"https:\/\/etudiantscanadiens.org\/app\/uploads\/2026\/01\/publications-catalogues.png"},{"@type":"WebPage","@id":"https:\/\/etudiantscanadiens.org\/en\/publications\/#webpage","url":"https:\/\/etudiantscanadiens.org\/en\/publications\/","name":"Publications - MEC","isPartOf":{"@id":"https:\/\/etudiantscanadiens.org\/#website"},"primaryImageOfPage":{"@id":"https:\/\/etudiantscanadiens.org\/en\/publications\/#primaryimage"},"datePublished":"2026-01-27T17:43:33+00:00","dateModified":"2026-03-18T15:55:47+00:00","breadcrumb":{"@id":"https:\/\/etudiantscanadiens.org\/en\/publications\/#breadcrumb"},"inLanguage":"en-US","potentialAction":[{"@type":"ReadAction","target":["https:\/\/etudiantscanadiens.org\/en\/publications\/"]}]},{"@type":"BreadcrumbList","@id":"https:\/\/etudiantscanadiens.org\/en\/publications\/#breadcrumb","itemListElement":[{"@type":"ListItem","position":1,"name":"Accueil","item":"https:\/\/etudiantscanadiens.org\/en\/"},{"@type":"ListItem","position":2,"name":"Publications"}]}]}},"_links":{"self":[{"href":"https:\/\/etudiantscanadiens.org\/en\/wp-json\/wp\/v2\/pages\/6543"}],"collection":[{"href":"https:\/\/etudiantscanadiens.org\/en\/wp-json\/wp\/v2\/pages"}],"about":[{"href":"https:\/\/etudiantscanadiens.org\/en\/wp-json\/wp\/v2\/types\/page"}],"author":[{"embeddable":true,"href":"https:\/\/etudiantscanadiens.org\/en\/wp-json\/wp\/v2\/users\/3"}],"replies":[{"embeddable":true,"href":"https:\/\/etudiantscanadiens.org\/en\/wp-json\/wp\/v2\/comments?post=6543"}],"version-history":[{"count":16,"href":"https:\/\/etudiantscanadiens.org\/en\/wp-json\/wp\/v2\/pages\/6543\/revisions"}],"predecessor-version":[{"id":6910,"href":"https:\/\/etudiantscanadiens.org\/en\/wp-json\/wp\/v2\/pages\/6543\/revisions\/6910"}],"wp:attachment":[{"href":"https:\/\/etudiantscanadiens.org\/en\/wp-json\/wp\/v2\/media?parent=6543"}],"curies":[{"name":"wp","href":"https:\/\/api.w.org\/{rel}","templated":true}]}}